{"id":80,"date":"2020-11-06T09:21:33","date_gmt":"2020-11-06T09:21:33","guid":{"rendered":"http:\/\/test.fritz-ullmann-grundschule.de\/?page_id=80"},"modified":"2025-10-30T11:53:29","modified_gmt":"2025-10-30T11:53:29","slug":"verlaessliche-grundschule","status":"publish","type":"page","link":"http:\/\/grundschule.fischerbacher-bildungshaus.de\/?page_id=80","title":{"rendered":"Verl\u00e4ssliche Grundschule"},"content":{"rendered":"\n<p>Je nach Stundenplan k\u00f6nnen Ihre Kinder vor bzw. nach dem Unterricht ab 7.30 Uhr und bis 13.00 Uhr betreut werden. Das Betreuungsangebot kann je nach Bedarf in Anspruch genommen werden. Die Preise sind dementsprechend gestaffelt.<\/p>\n\n\n\n<div style=\"height:30px\" aria-hidden=\"true\" class=\"wp-block-spacer\"><\/div>\n\n\n\n<p>N\u00e4here Informationen erhalten Sie im&nbsp;<strong>B\u00fcrgerKontaktB\u00fcro:<\/strong><\/p>\n\n\n\n<div style=\"height:30px\" aria-hidden=\"true\" class=\"wp-block-spacer\"><\/div>\n\n\n\n<p class=\"has-text-align-center\"><strong>\u00d6ffnungszeiten:<\/strong><\/p>\n\n\n\n<p class=\"has-text-align-center\">Dienstag: 9.00 Uhr &#8211; 11.00 Uhr<\/p>\n\n\n\n<p class=\"has-text-align-center\">Donnerstag: 16.00 Uhr &#8211; 18.00 Uhr<\/p>\n\n\n\n<p class=\"has-text-align-center\">Telefon: 07832\/9740988<\/p>\n\n\n\n<p class=\"has-text-align-center\">Handy: 0157\/88444840<\/p>\n\n\n\n<p class=\"has-text-align-center\">E-mail:\u00a0<a href=\"mailto:info@bg-fischerbach.de\">info@bg-fischerbach.de<\/a><\/p>\n\n\n\n<p class=\"has-text-align-center\">Ansprechpartnerin: Petra Kr\u00e4mer<\/p>\n","protected":false},"excerpt":{"rendered":"<p>Je nach Stundenplan k\u00f6nnen Ihre Kinder vor bzw. nach dem Unterricht ab 7.30 Uhr und bis 13.00 Uhr betreut werden. Das Betreuungsangebot kann je nach [&hellip;]<\/p>\n","protected":false},"author":1,"featured_media":3254,"parent":5,"menu_order":6,"comment_status":"closed","ping_status":"closed","template":"","meta":{"footnotes":""},"class_list":["post-80","page","type-page","status-publish","has-post-thumbnail","hentry"],"_links":{"self":[{"href":"http:\/\/grundschule.fischerbacher-bildungshaus.de\/index.php?rest_route=\/wp\/v2\/pages\/80","targetHints":{"allow":["GET"]}}],"collection":[{"href":"http:\/\/grundschule.fischerbacher-bildungshaus.de\/index.php?rest_route=\/wp\/v2\/pages"}],"about":[{"href":"http:\/\/grundschule.fischerbacher-bildungshaus.de\/index.php?rest_route=\/wp\/v2\/types\/page"}],"author":[{"embeddable":true,"href":"http:\/\/grundschule.fischerbacher-bildungshaus.de\/index.php?rest_route=\/wp\/v2\/users\/1"}],"replies":[{"embeddable":true,"href":"http:\/\/grundschule.fischerbacher-bildungshaus.de\/index.php?rest_route=%2Fwp%2Fv2%2Fcomments&post=80"}],"version-history":[{"count":10,"href":"http:\/\/grundschule.fischerbacher-bildungshaus.de\/index.php?rest_route=\/wp\/v2\/pages\/80\/revisions"}],"predecessor-version":[{"id":12340,"href":"http:\/\/grundschule.fischerbacher-bildungshaus.de\/index.php?rest_route=\/wp\/v2\/pages\/80\/revisions\/12340"}],"up":[{"embeddable":true,"href":"http:\/\/grundschule.fischerbacher-bildungshaus.de\/index.php?rest_route=\/wp\/v2\/pages\/5"}],"wp:featuredmedia":[{"embeddable":true,"href":"http:\/\/grundschule.fischerbacher-bildungshaus.de\/index.php?rest_route=\/wp\/v2\/media\/3254"}],"wp:attachment":[{"href":"http:\/\/grundschule.fischerbacher-bildungshaus.de\/index.php?rest_route=%2Fwp%2Fv2%2Fmedia&parent=80"}],"curies":[{"name":"wp","href":"https:\/\/api.w.org\/{rel}","templated":true}]}}