{"id":3099,"date":"2020-11-13T09:45:44","date_gmt":"2020-11-13T09:45:44","guid":{"rendered":"http:\/\/test.fritz-ullmann-grundschule.de\/?page_id=3099"},"modified":"2023-02-13T08:40:30","modified_gmt":"2023-02-13T08:40:30","slug":"fritz-ullmann","status":"publish","type":"page","link":"http:\/\/grundschule.fischerbacher-bildungshaus.de\/?page_id=3099","title":{"rendered":"Fritz Ullmann"},"content":{"rendered":"\n<div class=\"wp-block-columns is-layout-flex wp-container-core-columns-is-layout-9d6595d7 wp-block-columns-is-layout-flex\">\n<div class=\"wp-block-column is-layout-flow wp-block-column-is-layout-flow\" style=\"flex-basis:66.66%\">\n<p>Unser Namensgeber Fritz Ullmann war ein Fischerbacher Ehrenb\u00fcrger, der eine enorme Summe f\u00fcr die Sanierung der Schule beisteuerte. Ohne seine Spendenfreundlichkeit h\u00e4tte diese nicht so komfortabel ausgestattet werden k\u00f6nnen.<\/p>\n\n\n\n<p>Bekannt war er als gro\u00dfer Unternehmer und Firmengr\u00fcnder der Kugelschreiberfabrik uma in Fischerbach, die viele sichere Arbeitspl\u00e4tze schaffte. Zahlreiche Projekte, Einrichtungen und Vereine wurden von ihm finanziell unterst\u00fctzt.<\/p>\n\n\n\n<p>Sowohl mit einer eigens nach ihm benannten Stra\u00dfe sprach man ihm seine Dankbarkeit aus, als auch mit der Namensgebung der Fischerbacher Grundschule. Anders als es \u00fcblicherweise der Fall ist, durfte Fritz Ullmann bei der Namensgebung der Schule zu Lebzeiten dabei sein. Darauf sind wir besonders stolz.<\/p>\n\n\n\n<p>Vor unserer Schule steht eine lebensgro\u00dfe Skulptur, die uns an diese gro\u00dfherzige und gro\u00dfz\u00fcgige Fischerbacher Pers\u00f6nlichkeit erinnert. An diesem Denkmal aus Eisen hat der Kunstschmied Pino Serio rund 1000 Stunden gearbeitet. Da unsere Grundschulkinder Fritz Ullmann nicht pers\u00f6nlich kannten, machen wir ihn regelm\u00e4\u00dfig, besonders aber an seinem Geburtstag, den 29. September, zum Thema im Unterricht.<\/p>\n<\/div>\n\n\n\n<div class=\"wp-block-column is-layout-flow wp-block-column-is-layout-flow\" style=\"flex-basis:33.33%\"><div class=\"wp-block-image\">\n<figure class=\"aligncenter size-full\"><img loading=\"lazy\" decoding=\"async\" width=\"309\" height=\"395\" src=\"http:\/\/grundschule.fischerbacher-bildungshaus.de\/wp-content\/uploads\/2023\/02\/fritz-ullmann.jpg\" alt=\"\" class=\"wp-image-7134\" srcset=\"http:\/\/grundschule.fischerbacher-bildungshaus.de\/wp-content\/uploads\/2023\/02\/fritz-ullmann.jpg 309w, http:\/\/grundschule.fischerbacher-bildungshaus.de\/wp-content\/uploads\/2023\/02\/fritz-ullmann-235x300.jpg 235w\" sizes=\"auto, (max-width: 309px) 100vw, 309px\" \/><\/figure><\/div><\/div>\n<\/div>\n\n\n\n<p><\/p>\n\n\n\n<p><\/p>\n","protected":false},"excerpt":{"rendered":"<p>Unser Namensgeber Fritz Ullmann war ein Fischerbacher Ehrenb\u00fcrger, der eine enorme Summe f\u00fcr die Sanierung der Schule beisteuerte. Ohne seine Spendenfreundlichkeit h\u00e4tte diese nicht so [&hellip;]<\/p>\n","protected":false},"author":2,"featured_media":3195,"parent":5,"menu_order":8,"comment_status":"closed","ping_status":"closed","template":"","meta":{"footnotes":""},"class_list":["post-3099","page","type-page","status-publish","has-post-thumbnail","hentry"],"_links":{"self":[{"href":"http:\/\/grundschule.fischerbacher-bildungshaus.de\/index.php?rest_route=\/wp\/v2\/pages\/3099","targetHints":{"allow":["GET"]}}],"collection":[{"href":"http:\/\/grundschule.fischerbacher-bildungshaus.de\/index.php?rest_route=\/wp\/v2\/pages"}],"about":[{"href":"http:\/\/grundschule.fischerbacher-bildungshaus.de\/index.php?rest_route=\/wp\/v2\/types\/page"}],"author":[{"embeddable":true,"href":"http:\/\/grundschule.fischerbacher-bildungshaus.de\/index.php?rest_route=\/wp\/v2\/users\/2"}],"replies":[{"embeddable":true,"href":"http:\/\/grundschule.fischerbacher-bildungshaus.de\/index.php?rest_route=%2Fwp%2Fv2%2Fcomments&post=3099"}],"version-history":[{"count":7,"href":"http:\/\/grundschule.fischerbacher-bildungshaus.de\/index.php?rest_route=\/wp\/v2\/pages\/3099\/revisions"}],"predecessor-version":[{"id":7135,"href":"http:\/\/grundschule.fischerbacher-bildungshaus.de\/index.php?rest_route=\/wp\/v2\/pages\/3099\/revisions\/7135"}],"up":[{"embeddable":true,"href":"http:\/\/grundschule.fischerbacher-bildungshaus.de\/index.php?rest_route=\/wp\/v2\/pages\/5"}],"wp:featuredmedia":[{"embeddable":true,"href":"http:\/\/grundschule.fischerbacher-bildungshaus.de\/index.php?rest_route=\/wp\/v2\/media\/3195"}],"wp:attachment":[{"href":"http:\/\/grundschule.fischerbacher-bildungshaus.de\/index.php?rest_route=%2Fwp%2Fv2%2Fmedia&parent=3099"}],"curies":[{"name":"wp","href":"https:\/\/api.w.org\/{rel}","templated":true}]}}